{"id":207,"date":"2025-12-05T15:49:44","date_gmt":"2025-12-05T14:49:44","guid":{"rendered":"https:\/\/www.darciebay.com\/?page_id=207"},"modified":"2026-01-28T20:36:13","modified_gmt":"2026-01-28T19:36:13","slug":"mes-reseaux-sociaux","status":"publish","type":"page","link":"https:\/\/www.darciebay.com\/index.php\/mes-reseaux-sociaux\/","title":{"rendered":"Mes r\u00e9seaux sociaux"},"content":{"rendered":"\t\t<div data-elementor-type=\"wp-page\" data-elementor-id=\"207\" class=\"elementor elementor-207\">\n\t\t\t\t<div class=\"elementor-element elementor-element-d055142 e-grid e-con-boxed e-con e-parent\" data-id=\"d055142\" data-element_type=\"container\">\n\t\t\t\t\t<div class=\"e-con-inner\">\n\t\t\t\t<div class=\"elementor-element elementor-element-823d6eb elementor-widget elementor-widget-text-editor\" data-id=\"823d6eb\" data-element_type=\"widget\" data-widget_type=\"text-editor.default\">\n\t\t\t\t\t\t\t\t\t<p><a href=\"https:\/\/t.me\/+Tj5sBXJbQeIxZDI8?fbclid=PAZXh0bgNhZW0CMTEAc3J0YwZhcHBfaWQMMjU2MjgxMDQwNTU4AAGntwNRowotAd65s3buMc6nnCBZZBu_rX8y9JkVgDa1saaeAgsEilxRgZVT4AQ_aem_lHlXgGL723_l7YclshsXWQ\"><img fetchpriority=\"high\" decoding=\"async\" class=\"size-medium wp-image-122 aligncenter\" src=\"https:\/\/www.darciebay.com\/wp-content\/uploads\/2025\/09\/QRcode-telegram-1-297x300.png\" alt=\"\" width=\"297\" height=\"300\" srcset=\"https:\/\/www.darciebay.com\/wp-content\/uploads\/2025\/09\/QRcode-telegram-1-297x300.png 297w, https:\/\/www.darciebay.com\/wp-content\/uploads\/2025\/09\/QRcode-telegram-1-100x100.png 100w, https:\/\/www.darciebay.com\/wp-content\/uploads\/2025\/09\/QRcode-telegram-1.png 339w\" sizes=\"(max-width: 297px) 100vw, 297px\" \/><\/a><\/p><p><strong>Telegram<\/strong><\/p><p>L\u2019ensemble de mon actualit\u00e9 : annonces, contenus visuels in\u00e9dits et informations importantes.<\/p><p><strong>Espace Explicite<\/strong><\/p>\t\t\t\t\t\t\t\t<\/div>\n\t\t\t\t<div class=\"elementor-element elementor-element-5516f97 elementor-widget elementor-widget-text-editor\" data-id=\"5516f97\" data-element_type=\"widget\" data-widget_type=\"text-editor.default\">\n\t\t\t\t\t\t\t\t\t<p><a href=\"https:\/\/www.snapchat.com\/@darciebay?sender_web_id=14cd9302-55d9-4893-8086-48a469c7c83b&amp;device_type=desktop&amp;is_copy_url=true\"><img decoding=\"async\" class=\"size-medium wp-image-121 aligncenter\" src=\"https:\/\/www.darciebay.com\/wp-content\/uploads\/2025\/09\/QRcode-snapchat-1-297x300.png\" alt=\"\" width=\"297\" height=\"300\" srcset=\"https:\/\/www.darciebay.com\/wp-content\/uploads\/2025\/09\/QRcode-snapchat-1-297x300.png 297w, https:\/\/www.darciebay.com\/wp-content\/uploads\/2025\/09\/QRcode-snapchat-1-100x100.png 100w, https:\/\/www.darciebay.com\/wp-content\/uploads\/2025\/09\/QRcode-snapchat-1.png 341w\" sizes=\"(max-width: 297px) 100vw, 297px\" \/><\/a><\/p><p><strong>Snapchat<\/strong><\/p><p>Mon quotidien, mis \u00e0 jour tr\u00e8s r\u00e9guli\u00e8rement. Spontan\u00e9 et en direct.<\/p><p><strong>Espace Explicite<\/strong><\/p>\t\t\t\t\t\t\t\t<\/div>\n\t\t\t\t<div class=\"elementor-element elementor-element-f60e7bf elementor-widget elementor-widget-text-editor\" data-id=\"f60e7bf\" data-element_type=\"widget\" data-widget_type=\"text-editor.default\">\n\t\t\t\t\t\t\t\t\t<p><a href=\"https:\/\/www.instagram.com\/darciebay_\/\"><strong><img decoding=\"async\" class=\"size-medium wp-image-208 aligncenter\" src=\"https:\/\/www.darciebay.com\/wp-content\/uploads\/2025\/12\/qr_instagram_thinborder-300x300.png\" alt=\"\" width=\"300\" height=\"300\" srcset=\"https:\/\/www.darciebay.com\/wp-content\/uploads\/2025\/12\/qr_instagram_thinborder-300x300.png 300w, https:\/\/www.darciebay.com\/wp-content\/uploads\/2025\/12\/qr_instagram_thinborder-100x100.png 100w, https:\/\/www.darciebay.com\/wp-content\/uploads\/2025\/12\/qr_instagram_thinborder-150x150.png 150w, https:\/\/www.darciebay.com\/wp-content\/uploads\/2025\/12\/qr_instagram_thinborder.png 410w\" sizes=\"(max-width: 300px) 100vw, 300px\" \/><\/strong><\/a><\/p><p><strong>Instagram<\/strong><\/p><p>Je partage des moments de mon quotidien : photos de moi, voyages, restos et ce que j\u2019aime.<\/p><p><strong>Espace <span style=\"text-decoration: underline;\">non<\/span> explicite<\/strong><\/p>\t\t\t\t\t\t\t\t<\/div>\n\t\t\t\t\t<\/div>\n\t\t\t\t<\/div>\n\t\t\t\t<\/div>\n\t\t","protected":false},"excerpt":{"rendered":"<p>Telegram L\u2019ensemble de mon actualit\u00e9 : annonces, contenus visuels in\u00e9dits et informations importantes. Espace Explicite Snapchat Mon quotidien, mis \u00e0 [&hellip;]<\/p>\n","protected":false},"author":1,"featured_media":0,"parent":0,"menu_order":0,"comment_status":"closed","ping_status":"closed","template":"","meta":{"site-sidebar-layout":"default","site-content-layout":"","ast-site-content-layout":"default","site-content-style":"default","site-sidebar-style":"default","ast-global-header-display":"","ast-banner-title-visibility":"","ast-main-header-display":"","ast-hfb-above-header-display":"","ast-hfb-below-header-display":"","ast-hfb-mobile-header-display":"","site-post-title":"","ast-breadcrumbs-content":"","ast-featured-img":"","footer-sml-layout":"","theme-transparent-header-meta":"","adv-header-id-meta":"","stick-header-meta":"","header-above-stick-meta":"","header-main-stick-meta":"","header-below-stick-meta":"","astra-migrate-meta-layouts":"default","ast-page-background-enabled":"default","ast-page-background-meta":{"desktop":{"background-color":"var(--ast-global-color-5)","background-image":"","background-repeat":"repeat","background-position":"center center","background-size":"auto","background-attachment":"scroll","background-type":"","background-media":"","overlay-type":"","overlay-color":"","overlay-opacity":"","overlay-gradient":""},"tablet":{"background-color":"","background-image":"","background-repeat":"repeat","background-position":"center center","background-size":"auto","background-attachment":"scroll","background-type":"","background-media":"","overlay-type":"","overlay-color":"","overlay-opacity":"","overlay-gradient":""},"mobile":{"background-color":"","background-image":"","background-repeat":"repeat","background-position":"center center","background-size":"auto","background-attachment":"scroll","background-type":"","background-media":"","overlay-type":"","overlay-color":"","overlay-opacity":"","overlay-gradient":""}},"ast-content-background-meta":{"desktop":{"background-color":"var(--ast-global-color-4)","background-image":"","background-repeat":"repeat","background-position":"center center","background-size":"auto","background-attachment":"scroll","background-type":"","background-media":"","overlay-type":"","overlay-color":"","overlay-opacity":"","overlay-gradient":""},"tablet":{"background-color":"var(--ast-global-color-4)","background-image":"","background-repeat":"repeat","background-position":"center center","background-size":"auto","background-attachment":"scroll","background-type":"","background-media":"","overlay-type":"","overlay-color":"","overlay-opacity":"","overlay-gradient":""},"mobile":{"background-color":"var(--ast-global-color-4)","background-image":"","background-repeat":"repeat","background-position":"center center","background-size":"auto","background-attachment":"scroll","background-type":"","background-media":"","overlay-type":"","overlay-color":"","overlay-opacity":"","overlay-gradient":""}},"footnotes":""},"class_list":["post-207","page","type-page","status-publish","hentry"],"jetpack_sharing_enabled":true,"_links":{"self":[{"href":"https:\/\/www.darciebay.com\/index.php\/wp-json\/wp\/v2\/pages\/207","targetHints":{"allow":["GET"]}}],"collection":[{"href":"https:\/\/www.darciebay.com\/index.php\/wp-json\/wp\/v2\/pages"}],"about":[{"href":"https:\/\/www.darciebay.com\/index.php\/wp-json\/wp\/v2\/types\/page"}],"author":[{"embeddable":true,"href":"https:\/\/www.darciebay.com\/index.php\/wp-json\/wp\/v2\/users\/1"}],"replies":[{"embeddable":true,"href":"https:\/\/www.darciebay.com\/index.php\/wp-json\/wp\/v2\/comments?post=207"}],"version-history":[{"count":24,"href":"https:\/\/www.darciebay.com\/index.php\/wp-json\/wp\/v2\/pages\/207\/revisions"}],"predecessor-version":[{"id":337,"href":"https:\/\/www.darciebay.com\/index.php\/wp-json\/wp\/v2\/pages\/207\/revisions\/337"}],"wp:attachment":[{"href":"https:\/\/www.darciebay.com\/index.php\/wp-json\/wp\/v2\/media?parent=207"}],"curies":[{"name":"wp","href":"https:\/\/api.w.org\/{rel}","templated":true}]}}