{"id":241,"date":"2025-12-25T21:16:35","date_gmt":"2025-12-25T20:16:35","guid":{"rendered":"https:\/\/www.darciebay.com\/?page_id=241"},"modified":"2025-12-27T14:59:56","modified_gmt":"2025-12-27T13:59:56","slug":"reserver-un-show","status":"publish","type":"page","link":"https:\/\/www.darciebay.com\/index.php\/reserver-un-show\/","title":{"rendered":"R\u00e9server un show"},"content":{"rendered":"\t\t<div data-elementor-type=\"wp-page\" data-elementor-id=\"241\" class=\"elementor elementor-241\">\n\t\t\t\t<div class=\"elementor-element elementor-element-0aeeefc e-flex e-con-boxed e-con e-parent\" data-id=\"0aeeefc\" data-element_type=\"container\">\n\t\t\t\t\t<div class=\"e-con-inner\">\n\t\t<div class=\"elementor-element elementor-element-eaed1ff e-con-full e-flex e-con e-child\" data-id=\"eaed1ff\" data-element_type=\"container\">\n\t\t\t\t<div class=\"elementor-element elementor-element-866e032 elementor-widget elementor-widget-text-editor\" data-id=\"866e032\" data-element_type=\"widget\" data-widget_type=\"text-editor.default\">\n\t\t\t\t\t\t\t\t\t<p>Pr\u00eat \u00e0 vivre une exp\u00e9rience inoubliable et totalement priv\u00e9e avec moi ?<\/p>\n<p><strong>R\u00e9server ton show cam est simple et direct<\/strong>. Pour organiser notre moment, ajoute-moi sur l&rsquo;un de mes r\u00e9seaux :<\/p>\t\t\t\t\t\t\t\t<\/div>\n\t\t\t\t<div class=\"elementor-element elementor-element-9f084ea elementor-align-center elementor-widget elementor-widget-button\" data-id=\"9f084ea\" data-element_type=\"widget\" data-widget_type=\"button.default\">\n\t\t\t\t\t\t\t\t\t\t<a class=\"elementor-button elementor-button-link elementor-size-sm\" href=\"https:\/\/www.snapchat.com\/@darciebay\">\n\t\t\t\t\t\t<span class=\"elementor-button-content-wrapper\">\n\t\t\t\t\t\t<span class=\"elementor-button-icon\">\n\t\t\t\t<svg aria-hidden=\"true\" class=\"e-font-icon-svg e-fab-snapchat\" viewBox=\"0 0 496 512\" xmlns=\"http:\/\/www.w3.org\/2000\/svg\"><path d=\"M248 8C111 8 0 119 0 256s111 248 248 248 248-111 248-248S385 8 248 8zm169.5 338.9c-3.5 8.1-18.1 14-44.8 18.2-1.4 1.9-2.5 9.8-4.3 15.9-1.1 3.7-3.7 5.9-8.1 5.9h-.2c-6.2 0-12.8-2.9-25.8-2.9-17.6 0-23.7 4-37.4 13.7-14.5 10.3-28.4 19.1-49.2 18.2-21 1.6-38.6-11.2-48.5-18.2-13.8-9.7-19.8-13.7-37.4-13.7-12.5 0-20.4 3.1-25.8 3.1-5.4 0-7.5-3.3-8.3-6-1.8-6.1-2.9-14.1-4.3-16-13.8-2.1-44.8-7.5-45.5-21.4-.2-3.6 2.3-6.8 5.9-7.4 46.3-7.6 67.1-55.1 68-57.1 0-.1.1-.2.2-.3 2.5-5 3-9.2 1.6-12.5-3.4-7.9-17.9-10.7-24-13.2-15.8-6.2-18-13.4-17-18.3 1.6-8.5 14.4-13.8 21.9-10.3 5.9 2.8 11.2 4.2 15.7 4.2 3.3 0 5.5-.8 6.6-1.4-1.4-23.9-4.7-58 3.8-77.1C183.1 100 230.7 96 244.7 96c.6 0 6.1-.1 6.7-.1 34.7 0 68 17.8 84.3 54.3 8.5 19.1 5.2 53.1 3.8 77.1 1.1.6 2.9 1.3 5.7 1.4 4.3-.2 9.2-1.6 14.7-4.2 4-1.9 9.6-1.6 13.6 0 6.3 2.3 10.3 6.8 10.4 11.9.1 6.5-5.7 12.1-17.2 16.6-1.4.6-3.1 1.1-4.9 1.7-6.5 2.1-16.4 5.2-19 11.5-1.4 3.3-.8 7.5 1.6 12.5.1.1.1.2.2.3.9 2 21.7 49.5 68 57.1 4 1 7.1 5.5 4.9 10.8z\"><\/path><\/svg>\t\t\t<\/span>\n\t\t\t\t\t\t\t\t\t<span class=\"elementor-button-text\">Snapchat<\/span>\n\t\t\t\t\t<\/span>\n\t\t\t\t\t<\/a>\n\t\t\t\t\t\t\t\t<\/div>\n\t\t\t\t<div class=\"elementor-element elementor-element-bf6fdd6 elementor-align-center elementor-widget elementor-widget-button\" data-id=\"bf6fdd6\" data-element_type=\"widget\" data-widget_type=\"button.default\">\n\t\t\t\t\t\t\t\t\t\t<a class=\"elementor-button elementor-button-link elementor-size-sm\" href=\"https:\/\/t.me\/+Tj5sBXJbQeIxZDI8?fbclid=PAZXh0bgNhZW0CMTEAc3J0YwZhcHBfaWQMMjU2MjgxMDQwNTU4AAGntwNRowotAd65s3buMc6nnCBZZBu_rX8y9JkVgDa1saaeAgsEilxRgZVT4AQ_aem_lHlXgGL723_l7YclshsXWQ\">\n\t\t\t\t\t\t<span class=\"elementor-button-content-wrapper\">\n\t\t\t\t\t\t<span class=\"elementor-button-icon\">\n\t\t\t\t<svg aria-hidden=\"true\" class=\"e-font-icon-svg e-fab-telegram\" viewBox=\"0 0 496 512\" xmlns=\"http:\/\/www.w3.org\/2000\/svg\"><path d=\"M248 8C111 8 0 119 0 256s111 248 248 248 248-111 248-248S385 8 248 8zm121.8 169.9l-40.7 191.8c-3 13.6-11.1 16.9-22.4 10.5l-62-45.7-29.9 28.8c-3.3 3.3-6.1 6.1-12.5 6.1l4.4-63.1 114.9-103.8c5-4.4-1.1-6.9-7.7-2.5l-142 89.4-61.2-19.1c-13.3-4.2-13.6-13.3 2.8-19.7l239.1-92.2c11.1-4 20.8 2.7 17.2 19.5z\"><\/path><\/svg>\t\t\t<\/span>\n\t\t\t\t\t\t\t\t\t<span class=\"elementor-button-text\">Telegram<\/span>\n\t\t\t\t\t<\/span>\n\t\t\t\t\t<\/a>\n\t\t\t\t\t\t\t\t<\/div>\n\t\t\t\t<div class=\"elementor-element elementor-element-1e6555f elementor-widget elementor-widget-text-editor\" data-id=\"1e6555f\" data-element_type=\"widget\" data-widget_type=\"text-editor.default\">\n\t\t\t\t\t\t\t\t\t<p>Une fois que tu m&rsquo;auras ajout\u00e9, <strong>envoie-moi un message<\/strong> pour me dire ce que tu d\u00e9sires et on convient d&rsquo;un cr\u00e9neau qui t&rsquo;arrange. <strong>Mon espace est kink-friendly et totalement sans jugement<\/strong>, alors n&rsquo;h\u00e9site pas \u00e0 partager tes fantasmes les plus secrets.<\/p><p>J&rsquo;ai h\u00e2te de recevoir ton message et de faire de ton fantasme une r\u00e9alit\u00e9&#8230;<\/p>\t\t\t\t\t\t\t\t<\/div>\n\t\t\t\t<\/div>\n\t\t<div class=\"elementor-element elementor-element-bb17bc9 e-con-full e-flex e-con e-child\" data-id=\"bb17bc9\" data-element_type=\"container\">\n\t\t\t\t<div class=\"elementor-element elementor-element-30104d6 e-transform elementor-widget elementor-widget-image\" data-id=\"30104d6\" data-element_type=\"widget\" data-settings=\"{&quot;_transform_scale_effect&quot;:{&quot;unit&quot;:&quot;px&quot;,&quot;size&quot;:&quot;&quot;,&quot;sizes&quot;:[]},&quot;_transform_scale_effect_tablet&quot;:{&quot;unit&quot;:&quot;px&quot;,&quot;size&quot;:&quot;&quot;,&quot;sizes&quot;:[]},&quot;_transform_scale_effect_mobile&quot;:{&quot;unit&quot;:&quot;px&quot;,&quot;size&quot;:&quot;&quot;,&quot;sizes&quot;:[]}}\" data-widget_type=\"image.default\">\n\t\t\t\t\t\t\t\t\t\t\t\t\t\t\t<img fetchpriority=\"high\" decoding=\"async\" width=\"576\" height=\"1024\" src=\"https:\/\/www.darciebay.com\/wp-content\/uploads\/2025\/12\/IMG_2542-576x1024.jpg\" class=\"attachment-large size-large wp-image-245\" alt=\"\" srcset=\"https:\/\/www.darciebay.com\/wp-content\/uploads\/2025\/12\/IMG_2542-576x1024.jpg 576w, https:\/\/www.darciebay.com\/wp-content\/uploads\/2025\/12\/IMG_2542-scaled-600x1067.jpg 600w, https:\/\/www.darciebay.com\/wp-content\/uploads\/2025\/12\/IMG_2542-169x300.jpg 169w, https:\/\/www.darciebay.com\/wp-content\/uploads\/2025\/12\/IMG_2542-768x1365.jpg 768w, https:\/\/www.darciebay.com\/wp-content\/uploads\/2025\/12\/IMG_2542-864x1536.jpg 864w, https:\/\/www.darciebay.com\/wp-content\/uploads\/2025\/12\/IMG_2542-1152x2048.jpg 1152w, https:\/\/www.darciebay.com\/wp-content\/uploads\/2025\/12\/IMG_2542-scaled.jpg 1440w\" sizes=\"(max-width: 576px) 100vw, 576px\" \/>\t\t\t\t\t\t\t\t\t\t\t\t\t\t\t<\/div>\n\t\t\t\t<\/div>\n\t\t\t\t\t<\/div>\n\t\t\t\t<\/div>\n\t\t\t\t<\/div>\n\t\t","protected":false},"excerpt":{"rendered":"<p>Pr\u00eat \u00e0 vivre une exp\u00e9rience inoubliable et totalement priv\u00e9e avec moi ? R\u00e9server ton show cam est simple et direct. [&hellip;]<\/p>\n","protected":false},"author":1,"featured_media":0,"parent":0,"menu_order":0,"comment_status":"closed","ping_status":"closed","template":"","meta":{"site-sidebar-layout":"no-sidebar","site-content-layout":"","ast-site-content-layout":"full-width-container","site-content-style":"default","site-sidebar-style":"default","ast-global-header-display":"","ast-banner-title-visibility":"","ast-main-header-display":"","ast-hfb-above-header-display":"","ast-hfb-below-header-display":"","ast-hfb-mobile-header-display":"","site-post-title":"","ast-breadcrumbs-content":"","ast-featured-img":"disabled","footer-sml-layout":"","theme-transparent-header-meta":"","adv-header-id-meta":"","stick-header-meta":"","header-above-stick-meta":"","header-main-stick-meta":"","header-below-stick-meta":"","astra-migrate-meta-layouts":"default","ast-page-background-enabled":"default","ast-page-background-meta":{"desktop":{"background-color":"var(--ast-global-color-5)","background-image":"","background-repeat":"repeat","background-position":"center center","background-size":"auto","background-attachment":"scroll","background-type":"","background-media":"","overlay-type":"","overlay-color":"","overlay-opacity":"","overlay-gradient":""},"tablet":{"background-color":"","background-image":"","background-repeat":"repeat","background-position":"center center","background-size":"auto","background-attachment":"scroll","background-type":"","background-media":"","overlay-type":"","overlay-color":"","overlay-opacity":"","overlay-gradient":""},"mobile":{"background-color":"","background-image":"","background-repeat":"repeat","background-position":"center center","background-size":"auto","background-attachment":"scroll","background-type":"","background-media":"","overlay-type":"","overlay-color":"","overlay-opacity":"","overlay-gradient":""}},"ast-content-background-meta":{"desktop":{"background-color":"var(--ast-global-color-4)","background-image":"","background-repeat":"repeat","background-position":"center center","background-size":"auto","background-attachment":"scroll","background-type":"","background-media":"","overlay-type":"","overlay-color":"","overlay-opacity":"","overlay-gradient":""},"tablet":{"background-color":"var(--ast-global-color-4)","background-image":"","background-repeat":"repeat","background-position":"center center","background-size":"auto","background-attachment":"scroll","background-type":"","background-media":"","overlay-type":"","overlay-color":"","overlay-opacity":"","overlay-gradient":""},"mobile":{"background-color":"var(--ast-global-color-4)","background-image":"","background-repeat":"repeat","background-position":"center center","background-size":"auto","background-attachment":"scroll","background-type":"","background-media":"","overlay-type":"","overlay-color":"","overlay-opacity":"","overlay-gradient":""}},"footnotes":""},"class_list":["post-241","page","type-page","status-publish","hentry"],"jetpack_sharing_enabled":true,"_links":{"self":[{"href":"https:\/\/www.darciebay.com\/index.php\/wp-json\/wp\/v2\/pages\/241","targetHints":{"allow":["GET"]}}],"collection":[{"href":"https:\/\/www.darciebay.com\/index.php\/wp-json\/wp\/v2\/pages"}],"about":[{"href":"https:\/\/www.darciebay.com\/index.php\/wp-json\/wp\/v2\/types\/page"}],"author":[{"embeddable":true,"href":"https:\/\/www.darciebay.com\/index.php\/wp-json\/wp\/v2\/users\/1"}],"replies":[{"embeddable":true,"href":"https:\/\/www.darciebay.com\/index.php\/wp-json\/wp\/v2\/comments?post=241"}],"version-history":[{"count":27,"href":"https:\/\/www.darciebay.com\/index.php\/wp-json\/wp\/v2\/pages\/241\/revisions"}],"predecessor-version":[{"id":330,"href":"https:\/\/www.darciebay.com\/index.php\/wp-json\/wp\/v2\/pages\/241\/revisions\/330"}],"wp:attachment":[{"href":"https:\/\/www.darciebay.com\/index.php\/wp-json\/wp\/v2\/media?parent=241"}],"curies":[{"name":"wp","href":"https:\/\/api.w.org\/{rel}","templated":true}]}}